{"id":2948,"date":"2016-10-04T09:40:57","date_gmt":"2016-10-04T09:40:57","guid":{"rendered":"https:\/\/iqep.biz\/?page_id=2948"},"modified":"2021-06-27T18:53:50","modified_gmt":"2021-06-27T16:53:50","slug":"kontakt","status":"publish","type":"page","link":"https:\/\/iqep.biz\/sk\/kontakt\/","title":{"rendered":"Kontakt"},"content":{"rendered":"","protected":false},"excerpt":{"rendered":"","protected":false},"author":1,"featured_media":0,"parent":0,"menu_order":0,"comment_status":"closed","ping_status":"closed","template":"","meta":[],"yoast_head":"<!-- This site is optimized with the Yoast SEO plugin v16.5 - https:\/\/yoast.com\/wordpress\/plugins\/seo\/ -->\n<title>Kontakt | IQEP - Z\u00e1\u017eitky a produkty medzin\u00e1rodnej kvality<\/title>\n<meta name=\"description\" content=\"Ak sa chcete informova\u0165 o slu\u017eb\u00e1ch, dostupnosti, cen\u00e1ch, tak nev\u00e1hajte a kontaktujte n\u00e1s. E-mail: info@iqep.biz | Tel.\u010d.: 0031 611 37 98 39\" \/>\n<meta name=\"robots\" content=\"index, follow, max-snippet:-1, max-image-preview:large, max-video-preview:-1\" \/>\n<link rel=\"canonical\" href=\"https:\/\/iqep.biz\/sk\/kontakt\/\" \/>\n<meta property=\"og:locale\" content=\"sk_SK\" \/>\n<meta property=\"og:type\" content=\"article\" \/>\n<meta property=\"og:title\" content=\"Kontakt | IQEP - Z\u00e1\u017eitky a produkty medzin\u00e1rodnej kvality\" \/>\n<meta property=\"og:description\" content=\"Ak sa chcete informova\u0165 o slu\u017eb\u00e1ch, dostupnosti, cen\u00e1ch, tak nev\u00e1hajte a kontaktujte n\u00e1s. E-mail: info@iqep.biz | Tel.\u010d.: 0031 611 37 98 39\" \/>\n<meta property=\"og:url\" content=\"https:\/\/iqep.biz\/sk\/kontakt\/\" \/>\n<meta property=\"og:site_name\" content=\"IQEP\" \/>\n<meta property=\"article:modified_time\" content=\"2021-06-27T16:53:50+00:00\" \/>\n<meta name=\"twitter:card\" content=\"summary_large_image\" \/>\n<script type=\"application\/ld+json\" class=\"yoast-schema-graph\">{\"@context\":\"https:\/\/schema.org\",\"@graph\":[{\"@type\":\"Organization\",\"@id\":\"https:\/\/iqep.biz\/#organization\",\"name\":\"IQEP s.r.o.\",\"url\":\"https:\/\/iqep.biz\/\",\"sameAs\":[],\"logo\":{\"@type\":\"ImageObject\",\"@id\":\"https:\/\/iqep.biz\/#logo\",\"inLanguage\":\"sk-SK\",\"url\":\"https:\/\/iqep.biz\/wp-content\/uploads\/2019\/07\/iqep-logo-retina.png\",\"contentUrl\":\"https:\/\/iqep.biz\/wp-content\/uploads\/2019\/07\/iqep-logo-retina.png\",\"width\":666,\"height\":300,\"caption\":\"IQEP s.r.o.\"},\"image\":{\"@id\":\"https:\/\/iqep.biz\/#logo\"}},{\"@type\":\"WebSite\",\"@id\":\"https:\/\/iqep.biz\/#website\",\"url\":\"https:\/\/iqep.biz\/\",\"name\":\"IQEP\",\"description\":\"Len \\u010fal\\u0161ia WordPress str\\u00e1nka\",\"publisher\":{\"@id\":\"https:\/\/iqep.biz\/#organization\"},\"potentialAction\":[{\"@type\":\"SearchAction\",\"target\":\"https:\/\/iqep.biz\/?s={search_term_string}\",\"query-input\":\"required name=search_term_string\"}],\"inLanguage\":\"sk-SK\"},{\"@type\":\"WebPage\",\"@id\":\"https:\/\/iqep.biz\/sk\/kontakt\/#webpage\",\"url\":\"https:\/\/iqep.biz\/sk\/kontakt\/\",\"name\":\"Kontakt | IQEP - Z\\u00e1\\u017eitky a produkty medzin\\u00e1rodnej kvality\",\"isPartOf\":{\"@id\":\"https:\/\/iqep.biz\/#website\"},\"datePublished\":\"2016-10-04T09:40:57+00:00\",\"dateModified\":\"2021-06-27T16:53:50+00:00\",\"description\":\"Ak sa chcete informova\\u0165 o slu\\u017eb\\u00e1ch, dostupnosti, cen\\u00e1ch, tak nev\\u00e1hajte a kontaktujte n\\u00e1s. E-mail: info@iqep.biz | Tel.\\u010d.: 0031 611 37 98 39\",\"breadcrumb\":{\"@id\":\"https:\/\/iqep.biz\/sk\/kontakt\/#breadcrumb\"},\"inLanguage\":\"sk-SK\",\"potentialAction\":[{\"@type\":\"ReadAction\",\"target\":[\"https:\/\/iqep.biz\/sk\/kontakt\/\"]}]},{\"@type\":\"BreadcrumbList\",\"@id\":\"https:\/\/iqep.biz\/sk\/kontakt\/#breadcrumb\",\"itemListElement\":[{\"@type\":\"ListItem\",\"position\":1,\"name\":\"Home\",\"item\":\"https:\/\/iqep.biz\/sk\/\"},{\"@type\":\"ListItem\",\"position\":2,\"name\":\"Kontakt\"}]}]}<\/script>\n<!-- \/ Yoast SEO plugin. -->","_links":{"self":[{"href":"https:\/\/iqep.biz\/sk\/wp-json\/wp\/v2\/pages\/2948"}],"collection":[{"href":"https:\/\/iqep.biz\/sk\/wp-json\/wp\/v2\/pages"}],"about":[{"href":"https:\/\/iqep.biz\/sk\/wp-json\/wp\/v2\/types\/page"}],"author":[{"embeddable":true,"href":"https:\/\/iqep.biz\/sk\/wp-json\/wp\/v2\/users\/1"}],"replies":[{"embeddable":true,"href":"https:\/\/iqep.biz\/sk\/wp-json\/wp\/v2\/comments?post=2948"}],"version-history":[{"count":4,"href":"https:\/\/iqep.biz\/sk\/wp-json\/wp\/v2\/pages\/2948\/revisions"}],"predecessor-version":[{"id":3028,"href":"https:\/\/iqep.biz\/sk\/wp-json\/wp\/v2\/pages\/2948\/revisions\/3028"}],"wp:attachment":[{"href":"https:\/\/iqep.biz\/sk\/wp-json\/wp\/v2\/media?parent=2948"}],"curies":[{"name":"wp","href":"https:\/\/api.w.org\/{rel}","templated":true}]}}