{"id":2971,"date":"2016-10-05T07:25:16","date_gmt":"2016-10-05T07:25:16","guid":{"rendered":"https:\/\/iqep.biz\/services\/"},"modified":"2021-06-28T09:28:16","modified_gmt":"2021-06-28T07:28:16","slug":"sluzby","status":"publish","type":"page","link":"https:\/\/iqep.biz\/sk\/sluzby\/","title":{"rendered":"Slu\u017eby"},"content":{"rendered":"","protected":false},"excerpt":{"rendered":"","protected":false},"author":1,"featured_media":0,"parent":0,"menu_order":0,"comment_status":"closed","ping_status":"closed","template":"","meta":[],"yoast_head":"<!-- This site is optimized with the Yoast SEO plugin v16.5 - https:\/\/yoast.com\/wordpress\/plugins\/seo\/ -->\n<title>Slu\u017eby | IQEP - Z\u00e1\u017eitky a produkty medzin\u00e1rodnej kvality<\/title>\n<meta name=\"description\" content=\"Pon\u00fakame v\u00e1m odborn\u00e9 slu\u017eby v oblastiach: Luxusn\u00e9 cesty a podujatia, Gastronomick\u00e9 a hotelierske \u0161kolenia, Medzin\u00e1rodn\u00e1 spolo\u010densk\u00e1 etiketa\" \/>\n<meta name=\"robots\" content=\"index, follow, max-snippet:-1, max-image-preview:large, max-video-preview:-1\" \/>\n<link rel=\"canonical\" href=\"https:\/\/iqep.biz\/sk\/sluzby\/\" \/>\n<meta property=\"og:locale\" content=\"sk_SK\" \/>\n<meta property=\"og:type\" content=\"article\" \/>\n<meta property=\"og:title\" content=\"Slu\u017eby | IQEP - Z\u00e1\u017eitky a produkty medzin\u00e1rodnej kvality\" \/>\n<meta property=\"og:description\" content=\"Pon\u00fakame v\u00e1m odborn\u00e9 slu\u017eby v oblastiach: Luxusn\u00e9 cesty a podujatia, Gastronomick\u00e9 a hotelierske \u0161kolenia, Medzin\u00e1rodn\u00e1 spolo\u010densk\u00e1 etiketa\" \/>\n<meta property=\"og:url\" content=\"https:\/\/iqep.biz\/sk\/sluzby\/\" \/>\n<meta property=\"og:site_name\" content=\"IQEP\" \/>\n<meta property=\"article:modified_time\" content=\"2021-06-28T07:28:16+00:00\" \/>\n<meta name=\"twitter:card\" content=\"summary_large_image\" \/>\n<script type=\"application\/ld+json\" class=\"yoast-schema-graph\">{\"@context\":\"https:\/\/schema.org\",\"@graph\":[{\"@type\":\"Organization\",\"@id\":\"https:\/\/iqep.biz\/#organization\",\"name\":\"IQEP s.r.o.\",\"url\":\"https:\/\/iqep.biz\/\",\"sameAs\":[],\"logo\":{\"@type\":\"ImageObject\",\"@id\":\"https:\/\/iqep.biz\/#logo\",\"inLanguage\":\"sk-SK\",\"url\":\"https:\/\/iqep.biz\/wp-content\/uploads\/2019\/07\/iqep-logo-retina.png\",\"contentUrl\":\"https:\/\/iqep.biz\/wp-content\/uploads\/2019\/07\/iqep-logo-retina.png\",\"width\":666,\"height\":300,\"caption\":\"IQEP s.r.o.\"},\"image\":{\"@id\":\"https:\/\/iqep.biz\/#logo\"}},{\"@type\":\"WebSite\",\"@id\":\"https:\/\/iqep.biz\/#website\",\"url\":\"https:\/\/iqep.biz\/\",\"name\":\"IQEP\",\"description\":\"Len \\u010fal\\u0161ia WordPress str\\u00e1nka\",\"publisher\":{\"@id\":\"https:\/\/iqep.biz\/#organization\"},\"potentialAction\":[{\"@type\":\"SearchAction\",\"target\":\"https:\/\/iqep.biz\/?s={search_term_string}\",\"query-input\":\"required name=search_term_string\"}],\"inLanguage\":\"sk-SK\"},{\"@type\":\"WebPage\",\"@id\":\"https:\/\/iqep.biz\/sk\/sluzby\/#webpage\",\"url\":\"https:\/\/iqep.biz\/sk\/sluzby\/\",\"name\":\"Slu\\u017eby | IQEP - Z\\u00e1\\u017eitky a produkty medzin\\u00e1rodnej kvality\",\"isPartOf\":{\"@id\":\"https:\/\/iqep.biz\/#website\"},\"datePublished\":\"2016-10-05T07:25:16+00:00\",\"dateModified\":\"2021-06-28T07:28:16+00:00\",\"description\":\"Pon\\u00fakame v\\u00e1m odborn\\u00e9 slu\\u017eby v oblastiach: Luxusn\\u00e9 cesty a podujatia, Gastronomick\\u00e9 a hotelierske \\u0161kolenia, Medzin\\u00e1rodn\\u00e1 spolo\\u010densk\\u00e1 etiketa\",\"breadcrumb\":{\"@id\":\"https:\/\/iqep.biz\/sk\/sluzby\/#breadcrumb\"},\"inLanguage\":\"sk-SK\",\"potentialAction\":[{\"@type\":\"ReadAction\",\"target\":[\"https:\/\/iqep.biz\/sk\/sluzby\/\"]}]},{\"@type\":\"BreadcrumbList\",\"@id\":\"https:\/\/iqep.biz\/sk\/sluzby\/#breadcrumb\",\"itemListElement\":[{\"@type\":\"ListItem\",\"position\":1,\"name\":\"Home\",\"item\":\"https:\/\/iqep.biz\/sk\/\"},{\"@type\":\"ListItem\",\"position\":2,\"name\":\"Slu\\u017eby\"}]}]}<\/script>\n<!-- \/ Yoast SEO plugin. -->","_links":{"self":[{"href":"https:\/\/iqep.biz\/sk\/wp-json\/wp\/v2\/pages\/2971"}],"collection":[{"href":"https:\/\/iqep.biz\/sk\/wp-json\/wp\/v2\/pages"}],"about":[{"href":"https:\/\/iqep.biz\/sk\/wp-json\/wp\/v2\/types\/page"}],"author":[{"embeddable":true,"href":"https:\/\/iqep.biz\/sk\/wp-json\/wp\/v2\/users\/1"}],"replies":[{"embeddable":true,"href":"https:\/\/iqep.biz\/sk\/wp-json\/wp\/v2\/comments?post=2971"}],"version-history":[{"count":1,"href":"https:\/\/iqep.biz\/sk\/wp-json\/wp\/v2\/pages\/2971\/revisions"}],"predecessor-version":[{"id":2972,"href":"https:\/\/iqep.biz\/sk\/wp-json\/wp\/v2\/pages\/2971\/revisions\/2972"}],"wp:attachment":[{"href":"https:\/\/iqep.biz\/sk\/wp-json\/wp\/v2\/media?parent=2971"}],"curies":[{"name":"wp","href":"https:\/\/api.w.org\/{rel}","templated":true}]}}