{"id":2978,"date":"2019-07-29T10:18:17","date_gmt":"2019-07-29T08:18:17","guid":{"rendered":"https:\/\/iqep.biz\/sluzby\/hospitality-training-programs\/"},"modified":"2021-06-28T14:41:22","modified_gmt":"2021-06-28T12:41:22","slug":"gastronomicke-a-hotelierske-skolenia","status":"publish","type":"page","link":"https:\/\/iqep.biz\/sk\/sluzby\/gastronomicke-a-hotelierske-skolenia\/","title":{"rendered":"Gastronomick\u00e9 a hotelierske \u0161kolenia"},"content":{"rendered":"","protected":false},"excerpt":{"rendered":"","protected":false},"author":1,"featured_media":0,"parent":2971,"menu_order":0,"comment_status":"closed","ping_status":"closed","template":"","meta":[],"yoast_head":"<!-- This site is optimized with the Yoast SEO plugin v16.5 - https:\/\/yoast.com\/wordpress\/plugins\/seo\/ -->\n<title>Gastronomick\u00e9 a hotelierske \u0161kolenia | IQEP<\/title>\n<meta name=\"description\" content=\"Po absolvovan\u00ed na\u0161ich kurzov bude va\u0161e zariadenie v\u010faka \u0161pi\u010dkovo pripraven\u00e9mu person\u00e1lu prekon\u00e1va\u0165 v\u0161etky o\u010dak\u00e1vania va\u0161ich klientov.\" \/>\n<meta name=\"robots\" content=\"index, follow, max-snippet:-1, max-image-preview:large, max-video-preview:-1\" \/>\n<link rel=\"canonical\" href=\"https:\/\/iqep.biz\/sk\/sluzby\/gastronomicke-a-hotelierske-skolenia\/\" \/>\n<meta property=\"og:locale\" content=\"sk_SK\" \/>\n<meta property=\"og:type\" content=\"article\" \/>\n<meta property=\"og:title\" content=\"Gastronomick\u00e9 a hotelierske \u0161kolenia | IQEP\" \/>\n<meta property=\"og:description\" content=\"Po absolvovan\u00ed na\u0161ich kurzov bude va\u0161e zariadenie v\u010faka \u0161pi\u010dkovo pripraven\u00e9mu person\u00e1lu prekon\u00e1va\u0165 v\u0161etky o\u010dak\u00e1vania va\u0161ich klientov.\" \/>\n<meta property=\"og:url\" content=\"https:\/\/iqep.biz\/sk\/sluzby\/gastronomicke-a-hotelierske-skolenia\/\" \/>\n<meta property=\"og:site_name\" content=\"IQEP\" \/>\n<meta property=\"article:modified_time\" content=\"2021-06-28T12:41:22+00:00\" \/>\n<meta name=\"twitter:card\" content=\"summary_large_image\" \/>\n<script type=\"application\/ld+json\" class=\"yoast-schema-graph\">{\"@context\":\"https:\/\/schema.org\",\"@graph\":[{\"@type\":\"Organization\",\"@id\":\"https:\/\/iqep.biz\/#organization\",\"name\":\"IQEP s.r.o.\",\"url\":\"https:\/\/iqep.biz\/\",\"sameAs\":[],\"logo\":{\"@type\":\"ImageObject\",\"@id\":\"https:\/\/iqep.biz\/#logo\",\"inLanguage\":\"sk-SK\",\"url\":\"https:\/\/iqep.biz\/wp-content\/uploads\/2019\/07\/iqep-logo-retina.png\",\"contentUrl\":\"https:\/\/iqep.biz\/wp-content\/uploads\/2019\/07\/iqep-logo-retina.png\",\"width\":666,\"height\":300,\"caption\":\"IQEP s.r.o.\"},\"image\":{\"@id\":\"https:\/\/iqep.biz\/#logo\"}},{\"@type\":\"WebSite\",\"@id\":\"https:\/\/iqep.biz\/#website\",\"url\":\"https:\/\/iqep.biz\/\",\"name\":\"IQEP\",\"description\":\"Len \\u010fal\\u0161ia WordPress str\\u00e1nka\",\"publisher\":{\"@id\":\"https:\/\/iqep.biz\/#organization\"},\"potentialAction\":[{\"@type\":\"SearchAction\",\"target\":\"https:\/\/iqep.biz\/?s={search_term_string}\",\"query-input\":\"required name=search_term_string\"}],\"inLanguage\":\"sk-SK\"},{\"@type\":\"WebPage\",\"@id\":\"https:\/\/iqep.biz\/sk\/sluzby\/gastronomicke-a-hotelierske-skolenia\/#webpage\",\"url\":\"https:\/\/iqep.biz\/sk\/sluzby\/gastronomicke-a-hotelierske-skolenia\/\",\"name\":\"Gastronomick\\u00e9 a hotelierske \\u0161kolenia | IQEP\",\"isPartOf\":{\"@id\":\"https:\/\/iqep.biz\/#website\"},\"datePublished\":\"2019-07-29T08:18:17+00:00\",\"dateModified\":\"2021-06-28T12:41:22+00:00\",\"description\":\"Po absolvovan\\u00ed na\\u0161ich kurzov bude va\\u0161e zariadenie v\\u010faka \\u0161pi\\u010dkovo pripraven\\u00e9mu person\\u00e1lu prekon\\u00e1va\\u0165 v\\u0161etky o\\u010dak\\u00e1vania va\\u0161ich klientov.\",\"breadcrumb\":{\"@id\":\"https:\/\/iqep.biz\/sk\/sluzby\/gastronomicke-a-hotelierske-skolenia\/#breadcrumb\"},\"inLanguage\":\"sk-SK\",\"potentialAction\":[{\"@type\":\"ReadAction\",\"target\":[\"https:\/\/iqep.biz\/sk\/sluzby\/gastronomicke-a-hotelierske-skolenia\/\"]}]},{\"@type\":\"BreadcrumbList\",\"@id\":\"https:\/\/iqep.biz\/sk\/sluzby\/gastronomicke-a-hotelierske-skolenia\/#breadcrumb\",\"itemListElement\":[{\"@type\":\"ListItem\",\"position\":1,\"name\":\"Home\",\"item\":\"https:\/\/iqep.biz\/sk\/\"},{\"@type\":\"ListItem\",\"position\":2,\"name\":\"Slu\\u017eby\",\"item\":\"https:\/\/iqep.biz\/sk\/sluzby\/\"},{\"@type\":\"ListItem\",\"position\":3,\"name\":\"Gastronomick\\u00e9 a hotelierske \\u0161kolenia\"}]}]}<\/script>\n<!-- \/ Yoast SEO plugin. -->","_links":{"self":[{"href":"https:\/\/iqep.biz\/sk\/wp-json\/wp\/v2\/pages\/2978"}],"collection":[{"href":"https:\/\/iqep.biz\/sk\/wp-json\/wp\/v2\/pages"}],"about":[{"href":"https:\/\/iqep.biz\/sk\/wp-json\/wp\/v2\/types\/page"}],"author":[{"embeddable":true,"href":"https:\/\/iqep.biz\/sk\/wp-json\/wp\/v2\/users\/1"}],"replies":[{"embeddable":true,"href":"https:\/\/iqep.biz\/sk\/wp-json\/wp\/v2\/comments?post=2978"}],"version-history":[{"count":1,"href":"https:\/\/iqep.biz\/sk\/wp-json\/wp\/v2\/pages\/2978\/revisions"}],"predecessor-version":[{"id":2985,"href":"https:\/\/iqep.biz\/sk\/wp-json\/wp\/v2\/pages\/2978\/revisions\/2985"}],"up":[{"embeddable":true,"href":"https:\/\/iqep.biz\/sk\/wp-json\/wp\/v2\/pages\/2971"}],"wp:attachment":[{"href":"https:\/\/iqep.biz\/sk\/wp-json\/wp\/v2\/media?parent=2978"}],"curies":[{"name":"wp","href":"https:\/\/api.w.org\/{rel}","templated":true}]}}