{"id":2990,"date":"2019-07-29T10:19:37","date_gmt":"2019-07-29T08:19:37","guid":{"rendered":"https:\/\/iqep.biz\/sluzby\/international-social-etiquette\/"},"modified":"2021-06-27T19:03:55","modified_gmt":"2021-06-27T17:03:55","slug":"medzinarodna-spolocenska-etiketa","status":"publish","type":"page","link":"https:\/\/iqep.biz\/sk\/sluzby\/medzinarodna-spolocenska-etiketa\/","title":{"rendered":"Medzin\u00e1rodn\u00e1 spolo\u010densk\u00e1 etiketa"},"content":{"rendered":"","protected":false},"excerpt":{"rendered":"","protected":false},"author":1,"featured_media":0,"parent":2971,"menu_order":0,"comment_status":"closed","ping_status":"closed","template":"","meta":[],"yoast_head":"<!-- This site is optimized with the Yoast SEO plugin v16.5 - https:\/\/yoast.com\/wordpress\/plugins\/seo\/ -->\n<title>Medzin\u00e1rodn\u00e1 spolo\u010densk\u00e1 etiketa | IQEP<\/title>\n<meta name=\"description\" content=\"Sta\u0148te sa \u010dlovekom s vycibren\u00fdm spolo\u010densk\u00fdm spr\u00e1van\u00edm a zdvihnite si sebavedomie. V\u010faka na\u0161im \u0161koleniam \u013eah\u0161ie dosiahnete svoje spolo\u010densk\u00e9 aj pracovn\u00e9 ciele.\" \/>\n<meta name=\"robots\" content=\"index, follow, max-snippet:-1, max-image-preview:large, max-video-preview:-1\" \/>\n<link rel=\"canonical\" href=\"https:\/\/iqep.biz\/sk\/sluzby\/medzinarodna-spolocenska-etiketa\/\" \/>\n<meta property=\"og:locale\" content=\"sk_SK\" \/>\n<meta property=\"og:type\" content=\"article\" \/>\n<meta property=\"og:title\" content=\"Medzin\u00e1rodn\u00e1 spolo\u010densk\u00e1 etiketa | IQEP\" \/>\n<meta property=\"og:description\" content=\"Sta\u0148te sa \u010dlovekom s vycibren\u00fdm spolo\u010densk\u00fdm spr\u00e1van\u00edm a zdvihnite si sebavedomie. V\u010faka na\u0161im \u0161koleniam \u013eah\u0161ie dosiahnete svoje spolo\u010densk\u00e9 aj pracovn\u00e9 ciele.\" \/>\n<meta property=\"og:url\" content=\"https:\/\/iqep.biz\/sk\/sluzby\/medzinarodna-spolocenska-etiketa\/\" \/>\n<meta property=\"og:site_name\" content=\"IQEP\" \/>\n<meta property=\"article:modified_time\" content=\"2021-06-27T17:03:55+00:00\" \/>\n<meta name=\"twitter:card\" content=\"summary_large_image\" \/>\n<script type=\"application\/ld+json\" class=\"yoast-schema-graph\">{\"@context\":\"https:\/\/schema.org\",\"@graph\":[{\"@type\":\"Organization\",\"@id\":\"https:\/\/iqep.biz\/#organization\",\"name\":\"IQEP s.r.o.\",\"url\":\"https:\/\/iqep.biz\/\",\"sameAs\":[],\"logo\":{\"@type\":\"ImageObject\",\"@id\":\"https:\/\/iqep.biz\/#logo\",\"inLanguage\":\"sk-SK\",\"url\":\"https:\/\/iqep.biz\/wp-content\/uploads\/2019\/07\/iqep-logo-retina.png\",\"contentUrl\":\"https:\/\/iqep.biz\/wp-content\/uploads\/2019\/07\/iqep-logo-retina.png\",\"width\":666,\"height\":300,\"caption\":\"IQEP s.r.o.\"},\"image\":{\"@id\":\"https:\/\/iqep.biz\/#logo\"}},{\"@type\":\"WebSite\",\"@id\":\"https:\/\/iqep.biz\/#website\",\"url\":\"https:\/\/iqep.biz\/\",\"name\":\"IQEP\",\"description\":\"Len \\u010fal\\u0161ia WordPress str\\u00e1nka\",\"publisher\":{\"@id\":\"https:\/\/iqep.biz\/#organization\"},\"potentialAction\":[{\"@type\":\"SearchAction\",\"target\":\"https:\/\/iqep.biz\/?s={search_term_string}\",\"query-input\":\"required name=search_term_string\"}],\"inLanguage\":\"sk-SK\"},{\"@type\":\"WebPage\",\"@id\":\"https:\/\/iqep.biz\/sk\/sluzby\/medzinarodna-spolocenska-etiketa\/#webpage\",\"url\":\"https:\/\/iqep.biz\/sk\/sluzby\/medzinarodna-spolocenska-etiketa\/\",\"name\":\"Medzin\\u00e1rodn\\u00e1 spolo\\u010densk\\u00e1 etiketa | IQEP\",\"isPartOf\":{\"@id\":\"https:\/\/iqep.biz\/#website\"},\"datePublished\":\"2019-07-29T08:19:37+00:00\",\"dateModified\":\"2021-06-27T17:03:55+00:00\",\"description\":\"Sta\\u0148te sa \\u010dlovekom s vycibren\\u00fdm spolo\\u010densk\\u00fdm spr\\u00e1van\\u00edm a zdvihnite si sebavedomie. V\\u010faka na\\u0161im \\u0161koleniam \\u013eah\\u0161ie dosiahnete svoje spolo\\u010densk\\u00e9 aj pracovn\\u00e9 ciele.\",\"breadcrumb\":{\"@id\":\"https:\/\/iqep.biz\/sk\/sluzby\/medzinarodna-spolocenska-etiketa\/#breadcrumb\"},\"inLanguage\":\"sk-SK\",\"potentialAction\":[{\"@type\":\"ReadAction\",\"target\":[\"https:\/\/iqep.biz\/sk\/sluzby\/medzinarodna-spolocenska-etiketa\/\"]}]},{\"@type\":\"BreadcrumbList\",\"@id\":\"https:\/\/iqep.biz\/sk\/sluzby\/medzinarodna-spolocenska-etiketa\/#breadcrumb\",\"itemListElement\":[{\"@type\":\"ListItem\",\"position\":1,\"name\":\"Home\",\"item\":\"https:\/\/iqep.biz\/sk\/\"},{\"@type\":\"ListItem\",\"position\":2,\"name\":\"Slu\\u017eby\",\"item\":\"https:\/\/iqep.biz\/sk\/sluzby\/\"},{\"@type\":\"ListItem\",\"position\":3,\"name\":\"Medzin\\u00e1rodn\\u00e1 spolo\\u010densk\\u00e1 etiketa\"}]}]}<\/script>\n<!-- \/ Yoast SEO plugin. -->","_links":{"self":[{"href":"https:\/\/iqep.biz\/sk\/wp-json\/wp\/v2\/pages\/2990"}],"collection":[{"href":"https:\/\/iqep.biz\/sk\/wp-json\/wp\/v2\/pages"}],"about":[{"href":"https:\/\/iqep.biz\/sk\/wp-json\/wp\/v2\/types\/page"}],"author":[{"embeddable":true,"href":"https:\/\/iqep.biz\/sk\/wp-json\/wp\/v2\/users\/1"}],"replies":[{"embeddable":true,"href":"https:\/\/iqep.biz\/sk\/wp-json\/wp\/v2\/comments?post=2990"}],"version-history":[{"count":1,"href":"https:\/\/iqep.biz\/sk\/wp-json\/wp\/v2\/pages\/2990\/revisions"}],"predecessor-version":[{"id":2991,"href":"https:\/\/iqep.biz\/sk\/wp-json\/wp\/v2\/pages\/2990\/revisions\/2991"}],"up":[{"embeddable":true,"href":"https:\/\/iqep.biz\/sk\/wp-json\/wp\/v2\/pages\/2971"}],"wp:attachment":[{"href":"https:\/\/iqep.biz\/sk\/wp-json\/wp\/v2\/media?parent=2990"}],"curies":[{"name":"wp","href":"https:\/\/api.w.org\/{rel}","templated":true}]}}