{"id":2994,"date":"2019-08-21T12:34:26","date_gmt":"2019-08-21T10:34:26","guid":{"rendered":"https:\/\/iqep.biz\/sluzby\/medzinarodna-spolocenska-etiketa\/social-grace\/"},"modified":"2021-06-27T19:05:52","modified_gmt":"2021-06-27T17:05:52","slug":"spolocenske-spravanie","status":"publish","type":"page","link":"https:\/\/iqep.biz\/sk\/sluzby\/medzinarodna-spolocenska-etiketa\/spolocenske-spravanie\/","title":{"rendered":"Spolo\u010densk\u00e9 spr\u00e1vanie"},"content":{"rendered":"","protected":false},"excerpt":{"rendered":"","protected":false},"author":1,"featured_media":0,"parent":2990,"menu_order":0,"comment_status":"closed","ping_status":"closed","template":"","meta":[],"yoast_head":"<!-- This site is optimized with the Yoast SEO plugin v16.5 - https:\/\/yoast.com\/wordpress\/plugins\/seo\/ -->\n<title>Medzin\u00e1rodn\u00e1 spolo\u010densk\u00e1 etiketa - Spolo\u010densk\u00e9 spr\u00e1vanie | IQEP<\/title>\n<meta name=\"description\" content=\"Na kurze etikety z\u00edskate nov\u00e9 zru\u010dnosti a poznatky, ktor\u00e9 v\u00e1m pom\u00f4\u017eu s \u013eahkos\u0165ou a istotou zvl\u00e1da\u0165 najr\u00f4znej\u0161ie spolo\u010densk\u00e9 situ\u00e1cie.\" \/>\n<meta name=\"robots\" content=\"index, follow, max-snippet:-1, max-image-preview:large, max-video-preview:-1\" \/>\n<link rel=\"canonical\" href=\"https:\/\/iqep.biz\/sk\/sluzby\/medzinarodna-spolocenska-etiketa\/spolocenske-spravanie\/\" \/>\n<meta property=\"og:locale\" content=\"sk_SK\" \/>\n<meta property=\"og:type\" content=\"article\" \/>\n<meta property=\"og:title\" content=\"Medzin\u00e1rodn\u00e1 spolo\u010densk\u00e1 etiketa - Spolo\u010densk\u00e9 spr\u00e1vanie | IQEP\" \/>\n<meta property=\"og:description\" content=\"Na kurze etikety z\u00edskate nov\u00e9 zru\u010dnosti a poznatky, ktor\u00e9 v\u00e1m pom\u00f4\u017eu s \u013eahkos\u0165ou a istotou zvl\u00e1da\u0165 najr\u00f4znej\u0161ie spolo\u010densk\u00e9 situ\u00e1cie.\" \/>\n<meta property=\"og:url\" content=\"https:\/\/iqep.biz\/sk\/sluzby\/medzinarodna-spolocenska-etiketa\/spolocenske-spravanie\/\" \/>\n<meta property=\"og:site_name\" content=\"IQEP\" \/>\n<meta property=\"article:modified_time\" content=\"2021-06-27T17:05:52+00:00\" \/>\n<meta name=\"twitter:card\" content=\"summary_large_image\" \/>\n<script type=\"application\/ld+json\" class=\"yoast-schema-graph\">{\"@context\":\"https:\/\/schema.org\",\"@graph\":[{\"@type\":\"Organization\",\"@id\":\"https:\/\/iqep.biz\/#organization\",\"name\":\"IQEP s.r.o.\",\"url\":\"https:\/\/iqep.biz\/\",\"sameAs\":[],\"logo\":{\"@type\":\"ImageObject\",\"@id\":\"https:\/\/iqep.biz\/#logo\",\"inLanguage\":\"sk-SK\",\"url\":\"https:\/\/iqep.biz\/wp-content\/uploads\/2019\/07\/iqep-logo-retina.png\",\"contentUrl\":\"https:\/\/iqep.biz\/wp-content\/uploads\/2019\/07\/iqep-logo-retina.png\",\"width\":666,\"height\":300,\"caption\":\"IQEP s.r.o.\"},\"image\":{\"@id\":\"https:\/\/iqep.biz\/#logo\"}},{\"@type\":\"WebSite\",\"@id\":\"https:\/\/iqep.biz\/#website\",\"url\":\"https:\/\/iqep.biz\/\",\"name\":\"IQEP\",\"description\":\"Len \\u010fal\\u0161ia WordPress str\\u00e1nka\",\"publisher\":{\"@id\":\"https:\/\/iqep.biz\/#organization\"},\"potentialAction\":[{\"@type\":\"SearchAction\",\"target\":\"https:\/\/iqep.biz\/?s={search_term_string}\",\"query-input\":\"required name=search_term_string\"}],\"inLanguage\":\"sk-SK\"},{\"@type\":\"WebPage\",\"@id\":\"https:\/\/iqep.biz\/sk\/sluzby\/medzinarodna-spolocenska-etiketa\/spolocenske-spravanie\/#webpage\",\"url\":\"https:\/\/iqep.biz\/sk\/sluzby\/medzinarodna-spolocenska-etiketa\/spolocenske-spravanie\/\",\"name\":\"Medzin\\u00e1rodn\\u00e1 spolo\\u010densk\\u00e1 etiketa - Spolo\\u010densk\\u00e9 spr\\u00e1vanie | IQEP\",\"isPartOf\":{\"@id\":\"https:\/\/iqep.biz\/#website\"},\"datePublished\":\"2019-08-21T10:34:26+00:00\",\"dateModified\":\"2021-06-27T17:05:52+00:00\",\"description\":\"Na kurze etikety z\\u00edskate nov\\u00e9 zru\\u010dnosti a poznatky, ktor\\u00e9 v\\u00e1m pom\\u00f4\\u017eu s \\u013eahkos\\u0165ou a istotou zvl\\u00e1da\\u0165 najr\\u00f4znej\\u0161ie spolo\\u010densk\\u00e9 situ\\u00e1cie.\",\"breadcrumb\":{\"@id\":\"https:\/\/iqep.biz\/sk\/sluzby\/medzinarodna-spolocenska-etiketa\/spolocenske-spravanie\/#breadcrumb\"},\"inLanguage\":\"sk-SK\",\"potentialAction\":[{\"@type\":\"ReadAction\",\"target\":[\"https:\/\/iqep.biz\/sk\/sluzby\/medzinarodna-spolocenska-etiketa\/spolocenske-spravanie\/\"]}]},{\"@type\":\"BreadcrumbList\",\"@id\":\"https:\/\/iqep.biz\/sk\/sluzby\/medzinarodna-spolocenska-etiketa\/spolocenske-spravanie\/#breadcrumb\",\"itemListElement\":[{\"@type\":\"ListItem\",\"position\":1,\"name\":\"Home\",\"item\":\"https:\/\/iqep.biz\/sk\/\"},{\"@type\":\"ListItem\",\"position\":2,\"name\":\"Slu\\u017eby\",\"item\":\"https:\/\/iqep.biz\/sk\/sluzby\/\"},{\"@type\":\"ListItem\",\"position\":3,\"name\":\"Medzin\\u00e1rodn\\u00e1 spolo\\u010densk\\u00e1 etiketa\",\"item\":\"https:\/\/iqep.biz\/sk\/sluzby\/medzinarodna-spolocenska-etiketa\/\"},{\"@type\":\"ListItem\",\"position\":4,\"name\":\"Spolo\\u010densk\\u00e9 spr\\u00e1vanie\"}]}]}<\/script>\n<!-- \/ Yoast SEO plugin. -->","_links":{"self":[{"href":"https:\/\/iqep.biz\/sk\/wp-json\/wp\/v2\/pages\/2994"}],"collection":[{"href":"https:\/\/iqep.biz\/sk\/wp-json\/wp\/v2\/pages"}],"about":[{"href":"https:\/\/iqep.biz\/sk\/wp-json\/wp\/v2\/types\/page"}],"author":[{"embeddable":true,"href":"https:\/\/iqep.biz\/sk\/wp-json\/wp\/v2\/users\/1"}],"replies":[{"embeddable":true,"href":"https:\/\/iqep.biz\/sk\/wp-json\/wp\/v2\/comments?post=2994"}],"version-history":[{"count":2,"href":"https:\/\/iqep.biz\/sk\/wp-json\/wp\/v2\/pages\/2994\/revisions"}],"predecessor-version":[{"id":2996,"href":"https:\/\/iqep.biz\/sk\/wp-json\/wp\/v2\/pages\/2994\/revisions\/2996"}],"up":[{"embeddable":true,"href":"https:\/\/iqep.biz\/sk\/wp-json\/wp\/v2\/pages\/2990"}],"wp:attachment":[{"href":"https:\/\/iqep.biz\/sk\/wp-json\/wp\/v2\/media?parent=2994"}],"curies":[{"name":"wp","href":"https:\/\/api.w.org\/{rel}","templated":true}]}}