{"id":3004,"date":"2020-02-13T08:25:58","date_gmt":"2020-02-13T07:25:58","guid":{"rendered":"https:\/\/iqep.biz\/sluzby\/medzinarodna-spolocenska-etiketa\/afternoon-tea-etiquette\/"},"modified":"2021-06-27T19:06:34","modified_gmt":"2021-06-27T17:06:34","slug":"zasady-podavania-popoludnajsieho-caju","status":"publish","type":"page","link":"https:\/\/iqep.biz\/sk\/sluzby\/medzinarodna-spolocenska-etiketa\/zasady-podavania-popoludnajsieho-caju\/","title":{"rendered":"Z\u00e1sady pod\u00e1vania popolud\u0148aj\u0161ieho \u010daju"},"content":{"rendered":"","protected":false},"excerpt":{"rendered":"","protected":false},"author":1,"featured_media":0,"parent":2990,"menu_order":0,"comment_status":"closed","ping_status":"closed","template":"","meta":[],"yoast_head":"<!-- This site is optimized with the Yoast SEO plugin v16.5 - https:\/\/yoast.com\/wordpress\/plugins\/seo\/ -->\n<title>Medzin\u00e1rodn\u00e1 spolo\u010densk\u00e1 etiketa - Z\u00e1sady pod\u00e1vania popolud\u0148aj\u0161ieho \u010daju | IQEP<\/title>\n<meta name=\"description\" content=\"Na\u0161i odborn\u00edci v\u00e1s obozn\u00e1mia s tradi\u010dn\u00fdmi britsk\u00fdmi ritu\u00e1lmi pitia \u010daju a nau\u010dia v\u00e1s, ako spr\u00e1vne zvl\u00e1dnu\u0165 cel\u00fd postup.\" \/>\n<meta name=\"robots\" content=\"index, follow, max-snippet:-1, max-image-preview:large, max-video-preview:-1\" \/>\n<link rel=\"canonical\" href=\"https:\/\/iqep.biz\/sk\/sluzby\/medzinarodna-spolocenska-etiketa\/zasady-podavania-popoludnajsieho-caju\/\" \/>\n<meta property=\"og:locale\" content=\"sk_SK\" \/>\n<meta property=\"og:type\" content=\"article\" \/>\n<meta property=\"og:title\" content=\"Medzin\u00e1rodn\u00e1 spolo\u010densk\u00e1 etiketa - Z\u00e1sady pod\u00e1vania popolud\u0148aj\u0161ieho \u010daju | IQEP\" \/>\n<meta property=\"og:description\" content=\"Na\u0161i odborn\u00edci v\u00e1s obozn\u00e1mia s tradi\u010dn\u00fdmi britsk\u00fdmi ritu\u00e1lmi pitia \u010daju a nau\u010dia v\u00e1s, ako spr\u00e1vne zvl\u00e1dnu\u0165 cel\u00fd postup.\" \/>\n<meta property=\"og:url\" content=\"https:\/\/iqep.biz\/sk\/sluzby\/medzinarodna-spolocenska-etiketa\/zasady-podavania-popoludnajsieho-caju\/\" \/>\n<meta property=\"og:site_name\" content=\"IQEP\" \/>\n<meta property=\"article:modified_time\" content=\"2021-06-27T17:06:34+00:00\" \/>\n<meta name=\"twitter:card\" content=\"summary_large_image\" \/>\n<script type=\"application\/ld+json\" class=\"yoast-schema-graph\">{\"@context\":\"https:\/\/schema.org\",\"@graph\":[{\"@type\":\"Organization\",\"@id\":\"https:\/\/iqep.biz\/#organization\",\"name\":\"IQEP s.r.o.\",\"url\":\"https:\/\/iqep.biz\/\",\"sameAs\":[],\"logo\":{\"@type\":\"ImageObject\",\"@id\":\"https:\/\/iqep.biz\/#logo\",\"inLanguage\":\"sk-SK\",\"url\":\"https:\/\/iqep.biz\/wp-content\/uploads\/2019\/07\/iqep-logo-retina.png\",\"contentUrl\":\"https:\/\/iqep.biz\/wp-content\/uploads\/2019\/07\/iqep-logo-retina.png\",\"width\":666,\"height\":300,\"caption\":\"IQEP s.r.o.\"},\"image\":{\"@id\":\"https:\/\/iqep.biz\/#logo\"}},{\"@type\":\"WebSite\",\"@id\":\"https:\/\/iqep.biz\/#website\",\"url\":\"https:\/\/iqep.biz\/\",\"name\":\"IQEP\",\"description\":\"Len \\u010fal\\u0161ia WordPress str\\u00e1nka\",\"publisher\":{\"@id\":\"https:\/\/iqep.biz\/#organization\"},\"potentialAction\":[{\"@type\":\"SearchAction\",\"target\":\"https:\/\/iqep.biz\/?s={search_term_string}\",\"query-input\":\"required name=search_term_string\"}],\"inLanguage\":\"sk-SK\"},{\"@type\":\"WebPage\",\"@id\":\"https:\/\/iqep.biz\/sk\/sluzby\/medzinarodna-spolocenska-etiketa\/zasady-podavania-popoludnajsieho-caju\/#webpage\",\"url\":\"https:\/\/iqep.biz\/sk\/sluzby\/medzinarodna-spolocenska-etiketa\/zasady-podavania-popoludnajsieho-caju\/\",\"name\":\"Medzin\\u00e1rodn\\u00e1 spolo\\u010densk\\u00e1 etiketa - Z\\u00e1sady pod\\u00e1vania popolud\\u0148aj\\u0161ieho \\u010daju | IQEP\",\"isPartOf\":{\"@id\":\"https:\/\/iqep.biz\/#website\"},\"datePublished\":\"2020-02-13T07:25:58+00:00\",\"dateModified\":\"2021-06-27T17:06:34+00:00\",\"description\":\"Na\\u0161i odborn\\u00edci v\\u00e1s obozn\\u00e1mia s tradi\\u010dn\\u00fdmi britsk\\u00fdmi ritu\\u00e1lmi pitia \\u010daju a nau\\u010dia v\\u00e1s, ako spr\\u00e1vne zvl\\u00e1dnu\\u0165 cel\\u00fd postup.\",\"breadcrumb\":{\"@id\":\"https:\/\/iqep.biz\/sk\/sluzby\/medzinarodna-spolocenska-etiketa\/zasady-podavania-popoludnajsieho-caju\/#breadcrumb\"},\"inLanguage\":\"sk-SK\",\"potentialAction\":[{\"@type\":\"ReadAction\",\"target\":[\"https:\/\/iqep.biz\/sk\/sluzby\/medzinarodna-spolocenska-etiketa\/zasady-podavania-popoludnajsieho-caju\/\"]}]},{\"@type\":\"BreadcrumbList\",\"@id\":\"https:\/\/iqep.biz\/sk\/sluzby\/medzinarodna-spolocenska-etiketa\/zasady-podavania-popoludnajsieho-caju\/#breadcrumb\",\"itemListElement\":[{\"@type\":\"ListItem\",\"position\":1,\"name\":\"Home\",\"item\":\"https:\/\/iqep.biz\/sk\/\"},{\"@type\":\"ListItem\",\"position\":2,\"name\":\"Slu\\u017eby\",\"item\":\"https:\/\/iqep.biz\/sk\/sluzby\/\"},{\"@type\":\"ListItem\",\"position\":3,\"name\":\"Medzin\\u00e1rodn\\u00e1 spolo\\u010densk\\u00e1 etiketa\",\"item\":\"https:\/\/iqep.biz\/sk\/sluzby\/medzinarodna-spolocenska-etiketa\/\"},{\"@type\":\"ListItem\",\"position\":4,\"name\":\"Z\\u00e1sady pod\\u00e1vania popolud\\u0148aj\\u0161ieho \\u010daju\"}]}]}<\/script>\n<!-- \/ Yoast SEO plugin. -->","_links":{"self":[{"href":"https:\/\/iqep.biz\/sk\/wp-json\/wp\/v2\/pages\/3004"}],"collection":[{"href":"https:\/\/iqep.biz\/sk\/wp-json\/wp\/v2\/pages"}],"about":[{"href":"https:\/\/iqep.biz\/sk\/wp-json\/wp\/v2\/types\/page"}],"author":[{"embeddable":true,"href":"https:\/\/iqep.biz\/sk\/wp-json\/wp\/v2\/users\/1"}],"replies":[{"embeddable":true,"href":"https:\/\/iqep.biz\/sk\/wp-json\/wp\/v2\/comments?post=3004"}],"version-history":[{"count":2,"href":"https:\/\/iqep.biz\/sk\/wp-json\/wp\/v2\/pages\/3004\/revisions"}],"predecessor-version":[{"id":3006,"href":"https:\/\/iqep.biz\/sk\/wp-json\/wp\/v2\/pages\/3004\/revisions\/3006"}],"up":[{"embeddable":true,"href":"https:\/\/iqep.biz\/sk\/wp-json\/wp\/v2\/pages\/2990"}],"wp:attachment":[{"href":"https:\/\/iqep.biz\/sk\/wp-json\/wp\/v2\/media?parent=3004"}],"curies":[{"name":"wp","href":"https:\/\/api.w.org\/{rel}","templated":true}]}}