{"id":3023,"date":"2019-07-29T13:37:50","date_gmt":"2019-07-29T11:37:50","guid":{"rendered":"https:\/\/iqep.biz\/processing-of-personal-data\/"},"modified":"2021-06-27T19:11:54","modified_gmt":"2021-06-27T17:11:54","slug":"spracovanie-osobnych-udajov","status":"publish","type":"page","link":"https:\/\/iqep.biz\/sk\/spracovanie-osobnych-udajov\/","title":{"rendered":"Spracovanie osobn\u00fdch \u00fadajov"},"content":{"rendered":"","protected":false},"excerpt":{"rendered":"","protected":false},"author":1,"featured_media":0,"parent":0,"menu_order":0,"comment_status":"closed","ping_status":"closed","template":"","meta":[],"yoast_head":"<!-- This site is optimized with the Yoast SEO plugin v16.5 - https:\/\/yoast.com\/wordpress\/plugins\/seo\/ -->\n<title>Spracovanie osobn\u00fdch \u00fadajov | IQEP<\/title>\n<meta name=\"description\" content=\"Nariadenia Eur\u00f3pskeho parlamentu a Rady (E\u00da) 2016\/679 z 27.apr\u00edla 2016 o ochrane fyzick\u00fdch os\u00f4b pri sprac\u00favan\u00ed osobn\u00fdch \u00fadajov.\" \/>\n<meta name=\"robots\" content=\"index, follow, max-snippet:-1, max-image-preview:large, max-video-preview:-1\" \/>\n<link rel=\"canonical\" href=\"https:\/\/iqep.biz\/sk\/spracovanie-osobnych-udajov\/\" \/>\n<meta property=\"og:locale\" content=\"sk_SK\" \/>\n<meta property=\"og:type\" content=\"article\" \/>\n<meta property=\"og:title\" content=\"Spracovanie osobn\u00fdch \u00fadajov | IQEP\" \/>\n<meta property=\"og:description\" content=\"Nariadenia Eur\u00f3pskeho parlamentu a Rady (E\u00da) 2016\/679 z 27.apr\u00edla 2016 o ochrane fyzick\u00fdch os\u00f4b pri sprac\u00favan\u00ed osobn\u00fdch \u00fadajov.\" \/>\n<meta property=\"og:url\" content=\"https:\/\/iqep.biz\/sk\/spracovanie-osobnych-udajov\/\" \/>\n<meta property=\"og:site_name\" content=\"IQEP\" \/>\n<meta property=\"article:modified_time\" content=\"2021-06-27T17:11:54+00:00\" \/>\n<meta name=\"twitter:card\" content=\"summary_large_image\" \/>\n<script type=\"application\/ld+json\" class=\"yoast-schema-graph\">{\"@context\":\"https:\/\/schema.org\",\"@graph\":[{\"@type\":\"Organization\",\"@id\":\"https:\/\/iqep.biz\/#organization\",\"name\":\"IQEP s.r.o.\",\"url\":\"https:\/\/iqep.biz\/\",\"sameAs\":[],\"logo\":{\"@type\":\"ImageObject\",\"@id\":\"https:\/\/iqep.biz\/#logo\",\"inLanguage\":\"sk-SK\",\"url\":\"https:\/\/iqep.biz\/wp-content\/uploads\/2019\/07\/iqep-logo-retina.png\",\"contentUrl\":\"https:\/\/iqep.biz\/wp-content\/uploads\/2019\/07\/iqep-logo-retina.png\",\"width\":666,\"height\":300,\"caption\":\"IQEP s.r.o.\"},\"image\":{\"@id\":\"https:\/\/iqep.biz\/#logo\"}},{\"@type\":\"WebSite\",\"@id\":\"https:\/\/iqep.biz\/#website\",\"url\":\"https:\/\/iqep.biz\/\",\"name\":\"IQEP\",\"description\":\"Len \\u010fal\\u0161ia WordPress str\\u00e1nka\",\"publisher\":{\"@id\":\"https:\/\/iqep.biz\/#organization\"},\"potentialAction\":[{\"@type\":\"SearchAction\",\"target\":\"https:\/\/iqep.biz\/?s={search_term_string}\",\"query-input\":\"required name=search_term_string\"}],\"inLanguage\":\"sk-SK\"},{\"@type\":\"WebPage\",\"@id\":\"https:\/\/iqep.biz\/sk\/spracovanie-osobnych-udajov\/#webpage\",\"url\":\"https:\/\/iqep.biz\/sk\/spracovanie-osobnych-udajov\/\",\"name\":\"Spracovanie osobn\\u00fdch \\u00fadajov | IQEP\",\"isPartOf\":{\"@id\":\"https:\/\/iqep.biz\/#website\"},\"datePublished\":\"2019-07-29T11:37:50+00:00\",\"dateModified\":\"2021-06-27T17:11:54+00:00\",\"description\":\"Nariadenia Eur\\u00f3pskeho parlamentu a Rady (E\\u00da) 2016\/679 z 27.apr\\u00edla 2016 o ochrane fyzick\\u00fdch os\\u00f4b pri sprac\\u00favan\\u00ed osobn\\u00fdch \\u00fadajov.\",\"breadcrumb\":{\"@id\":\"https:\/\/iqep.biz\/sk\/spracovanie-osobnych-udajov\/#breadcrumb\"},\"inLanguage\":\"sk-SK\",\"potentialAction\":[{\"@type\":\"ReadAction\",\"target\":[\"https:\/\/iqep.biz\/sk\/spracovanie-osobnych-udajov\/\"]}]},{\"@type\":\"BreadcrumbList\",\"@id\":\"https:\/\/iqep.biz\/sk\/spracovanie-osobnych-udajov\/#breadcrumb\",\"itemListElement\":[{\"@type\":\"ListItem\",\"position\":1,\"name\":\"Home\",\"item\":\"https:\/\/iqep.biz\/sk\/\"},{\"@type\":\"ListItem\",\"position\":2,\"name\":\"Spracovanie osobn\\u00fdch \\u00fadajov\"}]}]}<\/script>\n<!-- \/ Yoast SEO plugin. -->","_links":{"self":[{"href":"https:\/\/iqep.biz\/sk\/wp-json\/wp\/v2\/pages\/3023"}],"collection":[{"href":"https:\/\/iqep.biz\/sk\/wp-json\/wp\/v2\/pages"}],"about":[{"href":"https:\/\/iqep.biz\/sk\/wp-json\/wp\/v2\/types\/page"}],"author":[{"embeddable":true,"href":"https:\/\/iqep.biz\/sk\/wp-json\/wp\/v2\/users\/1"}],"replies":[{"embeddable":true,"href":"https:\/\/iqep.biz\/sk\/wp-json\/wp\/v2\/comments?post=3023"}],"version-history":[{"count":1,"href":"https:\/\/iqep.biz\/sk\/wp-json\/wp\/v2\/pages\/3023\/revisions"}],"predecessor-version":[{"id":3024,"href":"https:\/\/iqep.biz\/sk\/wp-json\/wp\/v2\/pages\/3023\/revisions\/3024"}],"wp:attachment":[{"href":"https:\/\/iqep.biz\/sk\/wp-json\/wp\/v2\/media?parent=3023"}],"curies":[{"name":"wp","href":"https:\/\/api.w.org\/{rel}","templated":true}]}}